{"id":1695,"date":"2016-10-16T16:54:51","date_gmt":"2016-10-16T16:54:51","guid":{"rendered":"https:\/\/www.plastikovestavebnice.cz\/produkt\/liaz-110-571-s-navesem\/"},"modified":"2025-03-16T12:29:56","modified_gmt":"2025-03-16T11:29:56","slug":"liaz-110-571-s-navesem","status":"publish","type":"product","link":"https:\/\/www.sdvmodel.cz\/de\/produkt\/liaz-110-571-s-navesem\/","title":{"rendered":"Liaz 110.571 s n\u00e1v\u011bsem"},"content":{"rendered":"<p><\/p>\n<p>Liaz 110.571 v\u010detn\u011b n\u00e1v\u011bsu Orli\u010dan N12CH, Transocean. Model obsahuje obtisky. Doprodej.<\/p>\n<p><\/p>","protected":false},"excerpt":{"rendered":"<p>Liaz 110.571 v\u010detn\u011b n\u00e1v\u011bsu Orli\u010dan N12CH, Transocean. Model obsahuje obtisky. Doprodej.<\/p>\n","protected":false},"featured_media":1696,"template":"","meta":[],"product_brand":[],"product_cat":[14],"product_tag":[],"class_list":{"0":"post-1695","1":"product","2":"type-product","3":"status-publish","4":"has-post-thumbnail","6":"product_cat-posledni-kusy-187","8":"first","9":"outofstock","10":"sold-individually","11":"purchasable","12":"product-type-simple"},"_links":{"self":[{"href":"https:\/\/www.sdvmodel.cz\/de\/wp-json\/wp\/v2\/product\/1695","targetHints":{"allow":["GET"]}}],"collection":[{"href":"https:\/\/www.sdvmodel.cz\/de\/wp-json\/wp\/v2\/product"}],"about":[{"href":"https:\/\/www.sdvmodel.cz\/de\/wp-json\/wp\/v2\/types\/product"}],"wp:featuredmedia":[{"embeddable":true,"href":"https:\/\/www.sdvmodel.cz\/de\/wp-json\/wp\/v2\/media\/1696"}],"wp:attachment":[{"href":"https:\/\/www.sdvmodel.cz\/de\/wp-json\/wp\/v2\/media?parent=1695"}],"wp:term":[{"taxonomy":"product_brand","embeddable":true,"href":"https:\/\/www.sdvmodel.cz\/de\/wp-json\/wp\/v2\/product_brand?post=1695"},{"taxonomy":"product_cat","embeddable":true,"href":"https:\/\/www.sdvmodel.cz\/de\/wp-json\/wp\/v2\/product_cat?post=1695"},{"taxonomy":"product_tag","embeddable":true,"href":"https:\/\/www.sdvmodel.cz\/de\/wp-json\/wp\/v2\/product_tag?post=1695"}],"curies":[{"name":"wp","href":"https:\/\/api.w.org\/{rel}","templated":true}]}}