{"id":1648,"date":"2016-10-16T16:52:36","date_gmt":"2016-10-16T16:52:36","guid":{"rendered":"https:\/\/www.plastikovestavebnice.cz\/produkt\/liaz-101-860-cas-k24\/"},"modified":"2025-03-16T12:29:51","modified_gmt":"2025-03-16T11:29:51","slug":"liaz-101-860-cas-k24","status":"publish","type":"product","link":"https:\/\/www.sdvmodel.cz\/de\/produkt\/liaz-101-860-cas-k24\/","title":{"rendered":"Liaz 101.860 CAS K24"},"content":{"rendered":"<p>Hasi\u010dsk\u00fd speci\u00e1l SDH Doln\u00ed Bukovsko. Model obsahuje obtisky, maj\u00e1ky a lemy blatn\u00edk\u016f na samolepce. Doprodej.<\/p>\n","protected":false},"excerpt":{"rendered":"<p>Hasi\u010dsk\u00fd speci\u00e1l SDH Doln\u00ed Bukovsko. Model obsahuje obtisky, maj\u00e1ky a lemy blatn\u00edk\u016f na samolepce. Doprodej.<\/p>\n","protected":false},"featured_media":1649,"template":"","meta":[],"product_brand":[],"product_cat":[14],"product_tag":[],"class_list":{"0":"post-1648","1":"product","2":"type-product","3":"status-publish","4":"has-post-thumbnail","6":"product_cat-posledni-kusy-187","8":"first","9":"outofstock","10":"sold-individually","11":"purchasable","12":"product-type-simple"},"_links":{"self":[{"href":"https:\/\/www.sdvmodel.cz\/de\/wp-json\/wp\/v2\/product\/1648","targetHints":{"allow":["GET"]}}],"collection":[{"href":"https:\/\/www.sdvmodel.cz\/de\/wp-json\/wp\/v2\/product"}],"about":[{"href":"https:\/\/www.sdvmodel.cz\/de\/wp-json\/wp\/v2\/types\/product"}],"wp:featuredmedia":[{"embeddable":true,"href":"https:\/\/www.sdvmodel.cz\/de\/wp-json\/wp\/v2\/media\/1649"}],"wp:attachment":[{"href":"https:\/\/www.sdvmodel.cz\/de\/wp-json\/wp\/v2\/media?parent=1648"}],"wp:term":[{"taxonomy":"product_brand","embeddable":true,"href":"https:\/\/www.sdvmodel.cz\/de\/wp-json\/wp\/v2\/product_brand?post=1648"},{"taxonomy":"product_cat","embeddable":true,"href":"https:\/\/www.sdvmodel.cz\/de\/wp-json\/wp\/v2\/product_cat?post=1648"},{"taxonomy":"product_tag","embeddable":true,"href":"https:\/\/www.sdvmodel.cz\/de\/wp-json\/wp\/v2\/product_tag?post=1648"}],"curies":[{"name":"wp","href":"https:\/\/api.w.org\/{rel}","templated":true}]}}