{"id":1562,"date":"2016-10-16T16:48:56","date_gmt":"2016-10-16T16:48:56","guid":{"rendered":"https:\/\/www.plastikovestavebnice.cz\/produkt\/irisbus-crossway-12m-2\/"},"modified":"2020-11-13T22:11:07","modified_gmt":"2020-11-13T21:11:07","slug":"irisbus-crossway-12m-2","status":"publish","type":"product","link":"https:\/\/www.sdvmodel.cz\/de\/produkt\/irisbus-crossway-12m-2\/","title":{"rendered":"Irisbus Crossway 12m"},"content":{"rendered":"<p>P\u0159edv\u00e1d\u011bc\u00ed v\u016fz Tezas. Nebarven\u00e1 resinov\u00e1 stavebnice, stavebnice obsahuje obtisky. Doprodej.<\/p>\n","protected":false},"excerpt":{"rendered":"<p>P\u0159edv\u00e1d\u011bc\u00ed v\u016fz Tezas. Nebarven\u00e1 resinov\u00e1 stavebnice, stavebnice obsahuje obtisky. Doprodej.<\/p>\n","protected":false},"featured_media":1563,"template":"","meta":[],"product_brand":[],"product_cat":[14],"product_tag":[],"class_list":{"0":"post-1562","1":"product","2":"type-product","3":"status-publish","4":"has-post-thumbnail","6":"product_cat-posledni-kusy-187","8":"first","9":"outofstock","10":"sold-individually","11":"purchasable","12":"product-type-simple"},"_links":{"self":[{"href":"https:\/\/www.sdvmodel.cz\/de\/wp-json\/wp\/v2\/product\/1562","targetHints":{"allow":["GET"]}}],"collection":[{"href":"https:\/\/www.sdvmodel.cz\/de\/wp-json\/wp\/v2\/product"}],"about":[{"href":"https:\/\/www.sdvmodel.cz\/de\/wp-json\/wp\/v2\/types\/product"}],"wp:featuredmedia":[{"embeddable":true,"href":"https:\/\/www.sdvmodel.cz\/de\/wp-json\/wp\/v2\/media\/1563"}],"wp:attachment":[{"href":"https:\/\/www.sdvmodel.cz\/de\/wp-json\/wp\/v2\/media?parent=1562"}],"wp:term":[{"taxonomy":"product_brand","embeddable":true,"href":"https:\/\/www.sdvmodel.cz\/de\/wp-json\/wp\/v2\/product_brand?post=1562"},{"taxonomy":"product_cat","embeddable":true,"href":"https:\/\/www.sdvmodel.cz\/de\/wp-json\/wp\/v2\/product_cat?post=1562"},{"taxonomy":"product_tag","embeddable":true,"href":"https:\/\/www.sdvmodel.cz\/de\/wp-json\/wp\/v2\/product_tag?post=1562"}],"curies":[{"name":"wp","href":"https:\/\/api.w.org\/{rel}","templated":true}]}}