{"id":1523,"date":"2016-10-16T16:47:05","date_gmt":"2016-10-16T16:47:05","guid":{"rendered":"https:\/\/www.plastikovestavebnice.cz\/produkt\/karosa-c-954-4\/"},"modified":"2025-04-10T17:14:06","modified_gmt":"2025-04-10T15:14:06","slug":"karosa-c-954-4","status":"publish","type":"product","link":"https:\/\/www.sdvmodel.cz\/de\/produkt\/karosa-c-954-4\/","title":{"rendered":"Karosa C-954"},"content":{"rendered":"<p>Linkov\u00fd autobus \u010cSAD St\u0159edn\u00ed \u010cechy. Model obsahuje obtisky. Doprodej.<\/p>\n","protected":false},"excerpt":{"rendered":"<p>Linkov\u00fd autobus \u010cSAD St\u0159edn\u00ed \u010cechy.<\/p>\n","protected":false},"featured_media":1524,"template":"","meta":[],"product_brand":[],"product_cat":[14],"product_tag":[],"class_list":{"0":"post-1523","1":"product","2":"type-product","3":"status-publish","4":"has-post-thumbnail","6":"product_cat-posledni-kusy-187","8":"first","9":"outofstock","10":"sold-individually","11":"purchasable","12":"product-type-simple"},"_links":{"self":[{"href":"https:\/\/www.sdvmodel.cz\/de\/wp-json\/wp\/v2\/product\/1523","targetHints":{"allow":["GET"]}}],"collection":[{"href":"https:\/\/www.sdvmodel.cz\/de\/wp-json\/wp\/v2\/product"}],"about":[{"href":"https:\/\/www.sdvmodel.cz\/de\/wp-json\/wp\/v2\/types\/product"}],"wp:featuredmedia":[{"embeddable":true,"href":"https:\/\/www.sdvmodel.cz\/de\/wp-json\/wp\/v2\/media\/1524"}],"wp:attachment":[{"href":"https:\/\/www.sdvmodel.cz\/de\/wp-json\/wp\/v2\/media?parent=1523"}],"wp:term":[{"taxonomy":"product_brand","embeddable":true,"href":"https:\/\/www.sdvmodel.cz\/de\/wp-json\/wp\/v2\/product_brand?post=1523"},{"taxonomy":"product_cat","embeddable":true,"href":"https:\/\/www.sdvmodel.cz\/de\/wp-json\/wp\/v2\/product_cat?post=1523"},{"taxonomy":"product_tag","embeddable":true,"href":"https:\/\/www.sdvmodel.cz\/de\/wp-json\/wp\/v2\/product_tag?post=1523"}],"curies":[{"name":"wp","href":"https:\/\/api.w.org\/{rel}","templated":true}]}}