{"id":1515,"date":"2016-10-16T16:47:05","date_gmt":"2016-10-16T16:47:05","guid":{"rendered":"https:\/\/www.plastikovestavebnice.cz\/produkt\/tatra-813-8x8-9\/"},"modified":"2023-11-17T16:55:57","modified_gmt":"2023-11-17T15:55:57","slug":"tatra-813-8x8-9","status":"publish","type":"product","link":"https:\/\/www.sdvmodel.cz\/de\/produkt\/tatra-813-8x8-9\/","title":{"rendered":"Tatra 813 8&#215;8"},"content":{"rendered":"<p>Vojensk\u00fd t\u011b\u017ek\u00fd taha\u010d UN. Model obsahuje nov\u00fd podvozek. Doprodej.<\/p>\n","protected":false},"excerpt":{"rendered":"<p>Vojensk\u00fd t\u011b\u017ek\u00fd taha\u010d UN.<\/p>\n","protected":false},"featured_media":1516,"template":"","meta":[],"product_brand":[],"product_cat":[14],"product_tag":[65],"class_list":{"0":"post-1515","1":"product","2":"type-product","3":"status-publish","4":"has-post-thumbnail","6":"product_cat-posledni-kusy-187","7":"product_tag-tatra","9":"first","10":"outofstock","11":"sold-individually","12":"purchasable","13":"product-type-simple"},"_links":{"self":[{"href":"https:\/\/www.sdvmodel.cz\/de\/wp-json\/wp\/v2\/product\/1515","targetHints":{"allow":["GET"]}}],"collection":[{"href":"https:\/\/www.sdvmodel.cz\/de\/wp-json\/wp\/v2\/product"}],"about":[{"href":"https:\/\/www.sdvmodel.cz\/de\/wp-json\/wp\/v2\/types\/product"}],"wp:featuredmedia":[{"embeddable":true,"href":"https:\/\/www.sdvmodel.cz\/de\/wp-json\/wp\/v2\/media\/1516"}],"wp:attachment":[{"href":"https:\/\/www.sdvmodel.cz\/de\/wp-json\/wp\/v2\/media?parent=1515"}],"wp:term":[{"taxonomy":"product_brand","embeddable":true,"href":"https:\/\/www.sdvmodel.cz\/de\/wp-json\/wp\/v2\/product_brand?post=1515"},{"taxonomy":"product_cat","embeddable":true,"href":"https:\/\/www.sdvmodel.cz\/de\/wp-json\/wp\/v2\/product_cat?post=1515"},{"taxonomy":"product_tag","embeddable":true,"href":"https:\/\/www.sdvmodel.cz\/de\/wp-json\/wp\/v2\/product_tag?post=1515"}],"curies":[{"name":"wp","href":"https:\/\/api.w.org\/{rel}","templated":true}]}}