{"id":1508,"date":"2016-10-16T16:47:05","date_gmt":"2016-10-16T16:47:05","guid":{"rendered":"https:\/\/www.plastikovestavebnice.cz\/produkt\/skoda-21ab-3\/"},"modified":"2026-03-16T16:04:45","modified_gmt":"2026-03-16T15:04:45","slug":"skoda-21ab-3","status":"publish","type":"product","link":"https:\/\/www.sdvmodel.cz\/de\/produkt\/skoda-21ab-3\/","title":{"rendered":"\u0160koda 21Ab"},"content":{"rendered":"<p>M\u011bstsk\u00fd autobus DP Mlad\u00e1 Boleslav. Stavebnice obsahuje obtisky, poti\u0161t\u011bn\u00e1 skla.<\/p>\n","protected":false},"excerpt":{"rendered":"<p>M\u011bstsk\u00fd autobus DP Mlad\u00e1 Boleslav<\/p>\n","protected":false},"featured_media":1509,"template":"","meta":[],"product_brand":[],"product_cat":[14],"product_tag":[],"class_list":{"0":"post-1508","1":"product","2":"type-product","3":"status-publish","4":"has-post-thumbnail","6":"product_cat-posledni-kusy-187","8":"first","9":"outofstock","10":"sold-individually","11":"purchasable","12":"product-type-simple"},"_links":{"self":[{"href":"https:\/\/www.sdvmodel.cz\/de\/wp-json\/wp\/v2\/product\/1508","targetHints":{"allow":["GET"]}}],"collection":[{"href":"https:\/\/www.sdvmodel.cz\/de\/wp-json\/wp\/v2\/product"}],"about":[{"href":"https:\/\/www.sdvmodel.cz\/de\/wp-json\/wp\/v2\/types\/product"}],"wp:featuredmedia":[{"embeddable":true,"href":"https:\/\/www.sdvmodel.cz\/de\/wp-json\/wp\/v2\/media\/1509"}],"wp:attachment":[{"href":"https:\/\/www.sdvmodel.cz\/de\/wp-json\/wp\/v2\/media?parent=1508"}],"wp:term":[{"taxonomy":"product_brand","embeddable":true,"href":"https:\/\/www.sdvmodel.cz\/de\/wp-json\/wp\/v2\/product_brand?post=1508"},{"taxonomy":"product_cat","embeddable":true,"href":"https:\/\/www.sdvmodel.cz\/de\/wp-json\/wp\/v2\/product_cat?post=1508"},{"taxonomy":"product_tag","embeddable":true,"href":"https:\/\/www.sdvmodel.cz\/de\/wp-json\/wp\/v2\/product_tag?post=1508"}],"curies":[{"name":"wp","href":"https:\/\/api.w.org\/{rel}","templated":true}]}}