{"id":1483,"date":"2016-10-16T16:46:12","date_gmt":"2016-10-16T16:46:12","guid":{"rendered":"https:\/\/www.plastikovestavebnice.cz\/produkt\/karosa-lc-936-2\/"},"modified":"2025-04-10T17:14:15","modified_gmt":"2025-04-10T15:14:15","slug":"karosa-lc-936-2","status":"publish","type":"product","link":"https:\/\/www.sdvmodel.cz\/de\/produkt\/karosa-lc-936-2\/","title":{"rendered":"Karosa LC-936"},"content":{"rendered":"<p>D\u00e1lkov\u00fd autobus Bodos Boskovice s klimatizac\u00ed Webasto, doprodej.<\/p>\n","protected":false},"excerpt":{"rendered":"<p>D\u00e1lkov\u00fd autobus Bodos Boskovice s klimatizac\u00ed Webasto &#8211; doprodej posledn\u00edch 20-ti kus\u016f<\/p>\n","protected":false},"featured_media":1484,"template":"","meta":[],"product_brand":[],"product_cat":[14],"product_tag":[],"class_list":{"0":"post-1483","1":"product","2":"type-product","3":"status-publish","4":"has-post-thumbnail","6":"product_cat-posledni-kusy-187","8":"first","9":"outofstock","10":"sold-individually","11":"purchasable","12":"product-type-simple"},"_links":{"self":[{"href":"https:\/\/www.sdvmodel.cz\/de\/wp-json\/wp\/v2\/product\/1483","targetHints":{"allow":["GET"]}}],"collection":[{"href":"https:\/\/www.sdvmodel.cz\/de\/wp-json\/wp\/v2\/product"}],"about":[{"href":"https:\/\/www.sdvmodel.cz\/de\/wp-json\/wp\/v2\/types\/product"}],"wp:featuredmedia":[{"embeddable":true,"href":"https:\/\/www.sdvmodel.cz\/de\/wp-json\/wp\/v2\/media\/1484"}],"wp:attachment":[{"href":"https:\/\/www.sdvmodel.cz\/de\/wp-json\/wp\/v2\/media?parent=1483"}],"wp:term":[{"taxonomy":"product_brand","embeddable":true,"href":"https:\/\/www.sdvmodel.cz\/de\/wp-json\/wp\/v2\/product_brand?post=1483"},{"taxonomy":"product_cat","embeddable":true,"href":"https:\/\/www.sdvmodel.cz\/de\/wp-json\/wp\/v2\/product_cat?post=1483"},{"taxonomy":"product_tag","embeddable":true,"href":"https:\/\/www.sdvmodel.cz\/de\/wp-json\/wp\/v2\/product_tag?post=1483"}],"curies":[{"name":"wp","href":"https:\/\/api.w.org\/{rel}","templated":true}]}}