{"id":14254,"date":"2025-12-09T19:30:27","date_gmt":"2025-12-09T18:30:27","guid":{"rendered":"https:\/\/www.sdvmodel.cz\/?post_type=product&#038;p=14254"},"modified":"2026-04-22T19:51:23","modified_gmt":"2026-04-22T17:51:23","slug":"vysokostenny-vuz-smm-10-ryko-1120","status":"publish","type":"product","link":"https:\/\/www.sdvmodel.cz\/de\/produkt\/kesselwagenoffener-guterwagen-smm-10-ryko-1120-zas-30-1-120\/","title":{"rendered":"Offener G\u00fcterwagen Smm 10 Ryko 1:120"},"content":{"rendered":"<p>Kompletter Bausatz des Kesselwagens. Er enth\u00e4lt Kunststoffteile f\u00fcr Bau des Modells einschlie\u00dflich Kurzkupplungskinematik, Kupplungen, <b>Metallrads\u00e4tze in h\u00f6chster Qualit\u00e4t,<\/b> \u00c4tzteile, Gewicht und Abziehbilder. Betreiber: \u010cD\/Ryko, Epoche: V.<\/p>","protected":false},"excerpt":{"rendered":"<p>Kompletter Bausatz des Kesselwagens. Er enth\u00e4lt Kunststoffteile f\u00fcr Bau des Modells einschlie\u00dflich Kurzkupplungskinematik, Kupplungen, Metallrads\u00e4tze in h\u00f6chster Qualit\u00e4t, \u00c4tzteile, Gewicht und Abziehbilder. Betreiber: \u010cD\/Ryko, Epoche: V.<\/p>\n","protected":false},"featured_media":14255,"template":"","meta":[],"product_brand":[],"product_cat":[42,46,43],"product_tag":[],"class_list":{"0":"post-14254","1":"product","2":"type-product","3":"status-publish","4":"has-post-thumbnail","6":"product_cat-meritko-1120","7":"product_cat-otevrene-vozy","8":"product_cat-zeleznicni-vozy-meritko-1120","10":"first","11":"instock","12":"purchasable","13":"product-type-simple"},"_links":{"self":[{"href":"https:\/\/www.sdvmodel.cz\/de\/wp-json\/wp\/v2\/product\/14254","targetHints":{"allow":["GET"]}}],"collection":[{"href":"https:\/\/www.sdvmodel.cz\/de\/wp-json\/wp\/v2\/product"}],"about":[{"href":"https:\/\/www.sdvmodel.cz\/de\/wp-json\/wp\/v2\/types\/product"}],"wp:featuredmedia":[{"embeddable":true,"href":"https:\/\/www.sdvmodel.cz\/de\/wp-json\/wp\/v2\/media\/14255"}],"wp:attachment":[{"href":"https:\/\/www.sdvmodel.cz\/de\/wp-json\/wp\/v2\/media?parent=14254"}],"wp:term":[{"taxonomy":"product_brand","embeddable":true,"href":"https:\/\/www.sdvmodel.cz\/de\/wp-json\/wp\/v2\/product_brand?post=14254"},{"taxonomy":"product_cat","embeddable":true,"href":"https:\/\/www.sdvmodel.cz\/de\/wp-json\/wp\/v2\/product_cat?post=14254"},{"taxonomy":"product_tag","embeddable":true,"href":"https:\/\/www.sdvmodel.cz\/de\/wp-json\/wp\/v2\/product_tag?post=14254"}],"curies":[{"name":"wp","href":"https:\/\/api.w.org\/{rel}","templated":true}]}}