{"id":1420,"date":"2016-10-16T16:43:11","date_gmt":"2016-10-16T16:43:11","guid":{"rendered":"https:\/\/www.plastikovestavebnice.cz\/produkt\/skoda-21tr-6\/"},"modified":"2026-03-16T16:04:47","modified_gmt":"2026-03-16T15:04:47","slug":"skoda-21tr-6","status":"publish","type":"product","link":"https:\/\/www.sdvmodel.cz\/de\/produkt\/skoda-21tr-6\/","title":{"rendered":"\u0160koda 21Tr"},"content":{"rendered":"<p>Trolejbus DP Pardubice. Model obsahuje obtisky a m\u00e1 poti\u0161t\u011bn\u00e1 bo\u010dn\u00ed skla. Doprodej.<\/p>\n","protected":false},"excerpt":{"rendered":"<p>Trolejbus DP Pardubice.<\/p>\n","protected":false},"featured_media":1421,"template":"","meta":[],"product_brand":[],"product_cat":[14],"product_tag":[],"class_list":{"0":"post-1420","1":"product","2":"type-product","3":"status-publish","4":"has-post-thumbnail","6":"product_cat-posledni-kusy-187","8":"first","9":"outofstock","10":"sold-individually","11":"purchasable","12":"product-type-simple"},"_links":{"self":[{"href":"https:\/\/www.sdvmodel.cz\/de\/wp-json\/wp\/v2\/product\/1420","targetHints":{"allow":["GET"]}}],"collection":[{"href":"https:\/\/www.sdvmodel.cz\/de\/wp-json\/wp\/v2\/product"}],"about":[{"href":"https:\/\/www.sdvmodel.cz\/de\/wp-json\/wp\/v2\/types\/product"}],"wp:featuredmedia":[{"embeddable":true,"href":"https:\/\/www.sdvmodel.cz\/de\/wp-json\/wp\/v2\/media\/1421"}],"wp:attachment":[{"href":"https:\/\/www.sdvmodel.cz\/de\/wp-json\/wp\/v2\/media?parent=1420"}],"wp:term":[{"taxonomy":"product_brand","embeddable":true,"href":"https:\/\/www.sdvmodel.cz\/de\/wp-json\/wp\/v2\/product_brand?post=1420"},{"taxonomy":"product_cat","embeddable":true,"href":"https:\/\/www.sdvmodel.cz\/de\/wp-json\/wp\/v2\/product_cat?post=1420"},{"taxonomy":"product_tag","embeddable":true,"href":"https:\/\/www.sdvmodel.cz\/de\/wp-json\/wp\/v2\/product_tag?post=1420"}],"curies":[{"name":"wp","href":"https:\/\/api.w.org\/{rel}","templated":true}]}}