{"id":1397,"date":"2016-10-16T16:41:59","date_gmt":"2016-10-16T16:41:59","guid":{"rendered":"https:\/\/www.plastikovestavebnice.cz\/produkt\/orlican-n12ch-2\/"},"modified":"2020-11-13T22:12:41","modified_gmt":"2020-11-13T21:12:41","slug":"orlican-n12ch-2","status":"publish","type":"product","link":"https:\/\/www.sdvmodel.cz\/de\/produkt\/orlican-n12ch-2\/","title":{"rendered":"Orli\u010dan N12CH"},"content":{"rendered":"<p>Chlad\u00edrensk\u00fd n\u00e1v\u011bs circus. Doprodej.<\/p>\n","protected":false},"excerpt":{"rendered":"<p>Chlad\u00edrensk\u00fd n\u00e1v\u011bs circus. Doprodej.<\/p>\n","protected":false},"featured_media":1398,"template":"","meta":[],"product_brand":[],"product_cat":[14],"product_tag":[],"class_list":{"0":"post-1397","1":"product","2":"type-product","3":"status-publish","4":"has-post-thumbnail","6":"product_cat-posledni-kusy-187","8":"first","9":"outofstock","10":"sold-individually","11":"purchasable","12":"product-type-simple"},"_links":{"self":[{"href":"https:\/\/www.sdvmodel.cz\/de\/wp-json\/wp\/v2\/product\/1397","targetHints":{"allow":["GET"]}}],"collection":[{"href":"https:\/\/www.sdvmodel.cz\/de\/wp-json\/wp\/v2\/product"}],"about":[{"href":"https:\/\/www.sdvmodel.cz\/de\/wp-json\/wp\/v2\/types\/product"}],"wp:featuredmedia":[{"embeddable":true,"href":"https:\/\/www.sdvmodel.cz\/de\/wp-json\/wp\/v2\/media\/1398"}],"wp:attachment":[{"href":"https:\/\/www.sdvmodel.cz\/de\/wp-json\/wp\/v2\/media?parent=1397"}],"wp:term":[{"taxonomy":"product_brand","embeddable":true,"href":"https:\/\/www.sdvmodel.cz\/de\/wp-json\/wp\/v2\/product_brand?post=1397"},{"taxonomy":"product_cat","embeddable":true,"href":"https:\/\/www.sdvmodel.cz\/de\/wp-json\/wp\/v2\/product_cat?post=1397"},{"taxonomy":"product_tag","embeddable":true,"href":"https:\/\/www.sdvmodel.cz\/de\/wp-json\/wp\/v2\/product_tag?post=1397"}],"curies":[{"name":"wp","href":"https:\/\/api.w.org\/{rel}","templated":true}]}}