{"id":1396,"date":"2016-10-16T16:41:59","date_gmt":"2016-10-16T16:41:59","guid":{"rendered":"https:\/\/www.plastikovestavebnice.cz\/produkt\/da-5\/"},"modified":"2020-12-19T17:47:37","modified_gmt":"2020-12-19T16:47:37","slug":"da-5","status":"publish","type":"product","link":"https:\/\/www.sdvmodel.cz\/de\/produkt\/da-5\/","title":{"rendered":"DA-5"},"content":{"rendered":"<p>Polop\u0159\u00edv\u011bs na dlouh\u00fd n\u00e1klad. Doprodej.<\/p>\n","protected":false},"excerpt":{"rendered":"<p>Polop\u0159\u00edv\u011bs na dlouh\u00fd n\u00e1klad.<\/p>\n","protected":false},"featured_media":49,"template":"","meta":[],"product_brand":[],"product_cat":[14],"product_tag":[],"class_list":{"0":"post-1396","1":"product","2":"type-product","3":"status-publish","4":"has-post-thumbnail","6":"product_cat-posledni-kusy-187","8":"first","9":"outofstock","10":"sold-individually","11":"purchasable","12":"product-type-simple"},"_links":{"self":[{"href":"https:\/\/www.sdvmodel.cz\/de\/wp-json\/wp\/v2\/product\/1396","targetHints":{"allow":["GET"]}}],"collection":[{"href":"https:\/\/www.sdvmodel.cz\/de\/wp-json\/wp\/v2\/product"}],"about":[{"href":"https:\/\/www.sdvmodel.cz\/de\/wp-json\/wp\/v2\/types\/product"}],"wp:featuredmedia":[{"embeddable":true,"href":"https:\/\/www.sdvmodel.cz\/de\/wp-json\/wp\/v2\/media\/49"}],"wp:attachment":[{"href":"https:\/\/www.sdvmodel.cz\/de\/wp-json\/wp\/v2\/media?parent=1396"}],"wp:term":[{"taxonomy":"product_brand","embeddable":true,"href":"https:\/\/www.sdvmodel.cz\/de\/wp-json\/wp\/v2\/product_brand?post=1396"},{"taxonomy":"product_cat","embeddable":true,"href":"https:\/\/www.sdvmodel.cz\/de\/wp-json\/wp\/v2\/product_cat?post=1396"},{"taxonomy":"product_tag","embeddable":true,"href":"https:\/\/www.sdvmodel.cz\/de\/wp-json\/wp\/v2\/product_tag?post=1396"}],"curies":[{"name":"wp","href":"https:\/\/api.w.org\/{rel}","templated":true}]}}