{"id":136,"date":"2016-10-16T15:16:25","date_gmt":"2016-10-16T15:16:25","guid":{"rendered":"https:\/\/www.plastikovestavebnice.cz\/produkt\/karosa-c954\/"},"modified":"2025-05-06T21:36:24","modified_gmt":"2025-05-06T19:36:24","slug":"karosa-c954","status":"publish","type":"product","link":"https:\/\/www.sdvmodel.cz\/de\/produkt\/karosa-c954-187-plzen\/","title":{"rendered":"Karosa C954 \u010cSAD Plze\u0148 1:87"},"content":{"rendered":"<p>Kompletter Plastikbausatz. Dieser Bausatz enthaltet Plastikteile f\u00fcr Zusammnebau des Models inkl. Metallachsen und Abziehbilder.<\/p>\n<p>Dieser Modellbausatz ist f\u00fcr fortgeschrittene Modellbauer.<\/p>","protected":false},"excerpt":{"rendered":"<p>Kompletter Plastikbausatz. Dieser Bausatz enthaltet Plastikteile f\u00fcr Zusammnebau des Models inkl. Metallachsen und Abziehbilder. Dieser Modellbausatz ist f\u00fcr fortgeschrittene Modellbauer.<\/p>\n","protected":false},"featured_media":137,"template":"","meta":[],"product_brand":[],"product_cat":[20,23],"product_tag":[74,95],"class_list":{"0":"post-136","1":"product","2":"type-product","3":"status-publish","4":"has-post-thumbnail","6":"product_cat-meritko-187","7":"product_cat-autobusy","8":"product_tag-karosa","9":"product_tag-exkluzivne-pouze-u-nas","11":"first","12":"outofstock","13":"purchasable","14":"product-type-simple"},"_links":{"self":[{"href":"https:\/\/www.sdvmodel.cz\/de\/wp-json\/wp\/v2\/product\/136","targetHints":{"allow":["GET"]}}],"collection":[{"href":"https:\/\/www.sdvmodel.cz\/de\/wp-json\/wp\/v2\/product"}],"about":[{"href":"https:\/\/www.sdvmodel.cz\/de\/wp-json\/wp\/v2\/types\/product"}],"wp:featuredmedia":[{"embeddable":true,"href":"https:\/\/www.sdvmodel.cz\/de\/wp-json\/wp\/v2\/media\/137"}],"wp:attachment":[{"href":"https:\/\/www.sdvmodel.cz\/de\/wp-json\/wp\/v2\/media?parent=136"}],"wp:term":[{"taxonomy":"product_brand","embeddable":true,"href":"https:\/\/www.sdvmodel.cz\/de\/wp-json\/wp\/v2\/product_brand?post=136"},{"taxonomy":"product_cat","embeddable":true,"href":"https:\/\/www.sdvmodel.cz\/de\/wp-json\/wp\/v2\/product_cat?post=136"},{"taxonomy":"product_tag","embeddable":true,"href":"https:\/\/www.sdvmodel.cz\/de\/wp-json\/wp\/v2\/product_tag?post=136"}],"curies":[{"name":"wp","href":"https:\/\/api.w.org\/{rel}","templated":true}]}}