{"id":13154,"date":"2025-08-05T11:33:15","date_gmt":"2025-08-05T09:33:15","guid":{"rendered":"https:\/\/www.sdvmodel.cz\/?post_type=product&#038;p=13154"},"modified":"2026-03-24T22:53:02","modified_gmt":"2026-03-24T21:53:02","slug":"kryty-vuz-hadgs-11-zsr-zssk-zssk-c-1120","status":"publish","type":"product","link":"https:\/\/www.sdvmodel.cz\/de\/produkt\/gedeckter-guterwagen-hadgs-11-zsr-zssk-zssk-c-1120\/","title":{"rendered":"Gedeckter G\u00fcterwagen Hadgs 11 \u017dSR\/ZSSK\/ZSSK-C 1:120"},"content":{"rendered":"<p>Kompletter Bausatz des Gedeckter G\u00fcterwagens. Er enth\u00e4t Kunststoffteile f\u00fcr Bau des Modells einschlie\u00dflich Kurzkupplungskinematik, Kupplungen, <b>Metallrads\u00e4tze in h\u00f6chster Qualit\u00e4t<\/b>, \u00c4tzteile, Gewicht und Abziehbilder. Betreiber: \u010cSD, Epoche: V. &#8211; VI.<\/p>","protected":false},"excerpt":{"rendered":"<p>Kompletter Bausatz des Gedeckter G\u00fcterwagens. Er enth\u00e4t Kunststoffteile f\u00fcr Bau des Modells einschlie\u00dflich Kurzkupplungskinematik, Kupplungen, Metallrads\u00e4tze in h\u00f6chster Qualit\u00e4t, \u00c4tzteile, Gewicht und Abziehbilder. Betreiber: \u010cSD, Epoche: V. &#8211; VI.<\/p>\n","protected":false},"featured_media":13155,"template":"","meta":[],"product_brand":[],"product_cat":[80,42,43],"product_tag":[],"class_list":{"0":"post-13154","1":"product","2":"type-product","3":"status-publish","4":"has-post-thumbnail","6":"product_cat-kryte-vozy","7":"product_cat-meritko-1120","8":"product_cat-zeleznicni-vozy-meritko-1120","10":"first","11":"instock","12":"shipping-taxable","13":"purchasable","14":"product-type-simple"},"_links":{"self":[{"href":"https:\/\/www.sdvmodel.cz\/de\/wp-json\/wp\/v2\/product\/13154","targetHints":{"allow":["GET"]}}],"collection":[{"href":"https:\/\/www.sdvmodel.cz\/de\/wp-json\/wp\/v2\/product"}],"about":[{"href":"https:\/\/www.sdvmodel.cz\/de\/wp-json\/wp\/v2\/types\/product"}],"wp:featuredmedia":[{"embeddable":true,"href":"https:\/\/www.sdvmodel.cz\/de\/wp-json\/wp\/v2\/media\/13155"}],"wp:attachment":[{"href":"https:\/\/www.sdvmodel.cz\/de\/wp-json\/wp\/v2\/media?parent=13154"}],"wp:term":[{"taxonomy":"product_brand","embeddable":true,"href":"https:\/\/www.sdvmodel.cz\/de\/wp-json\/wp\/v2\/product_brand?post=13154"},{"taxonomy":"product_cat","embeddable":true,"href":"https:\/\/www.sdvmodel.cz\/de\/wp-json\/wp\/v2\/product_cat?post=13154"},{"taxonomy":"product_tag","embeddable":true,"href":"https:\/\/www.sdvmodel.cz\/de\/wp-json\/wp\/v2\/product_tag?post=13154"}],"curies":[{"name":"wp","href":"https:\/\/api.w.org\/{rel}","templated":true}]}}