{"id":13146,"date":"2025-08-05T11:27:40","date_gmt":"2025-08-05T09:27:40","guid":{"rendered":"https:\/\/www.sdvmodel.cz\/?post_type=product&#038;p=13146"},"modified":"2026-04-03T13:42:23","modified_gmt":"2026-04-03T11:42:23","slug":"kotlovy-vuz-uahs-ra-30-csd-1120","status":"publish","type":"product","link":"https:\/\/www.sdvmodel.cz\/de\/produkt\/kesselwagen-uahs-ra-30-csd-1120\/","title":{"rendered":"Kesselwagen Uahs\/Ra 30 \u010cSD 1:120"},"content":{"rendered":"<p>Kompletter Bausatz des Kesselwagens. Er enth\u00e4lt Kunststoffteile f\u00fcr Bau des Modells einschlie\u00dflich Kurzkupplungskinematik, Kupplungen, <b>Metallrads\u00e4tze in h\u00f6chster Qualit\u00e4t,<\/b> \u00c4tzteile, Gewicht und Abziehbilder. Betreiber: \u010cSD, Epoche: IV.Kompletter Bausatz des Kesselwagens. Er enth\u00e4lt Kunststoffteile f\u00fcr Bau des Modells einschlie\u00dflich Kurzkupplungskinematik, Kupplungen, <b>Metallrads\u00e4tze in h\u00f6chster Qualit\u00e4t,<\/b> \u00c4tzteile, Gewicht und Abziehbilder. Betreiber: \u010cSD, Epoche: III &#8211; IV.<\/p>","protected":false},"excerpt":{"rendered":"<p>Kompletter Bausatz des Kesselwagens. Er enth\u00e4lt Kunststoffteile f\u00fcr Bau des Modells einschlie\u00dflich Kurzkupplungskinematik, Kupplungen, Metallrads\u00e4tze in h\u00f6chster Qualit\u00e4t, \u00c4tzteile, Gewicht und Abziehbilder. Betreiber: \u010cSD, Epoche: IV.Kompletter Bausatz des Kesselwagens. Er enth\u00e4lt Kunststoffteile f\u00fcr Bau des Modells einschlie\u00dflich Kurzkupplungskinematik, Kupplungen, Metallrads\u00e4tze&#8230;<br \/><a class=\"read-more-button\" href=\"https:\/\/www.sdvmodel.cz\/de\/produkt\/kesselwagen-uahs-ra-30-csd-1120\/\">Weiterlesen<\/a><\/p>\n","protected":false},"featured_media":13147,"template":"","meta":[],"product_brand":[],"product_cat":[87,42,43],"product_tag":[71],"class_list":{"0":"post-13146","1":"product","2":"type-product","3":"status-publish","4":"has-post-thumbnail","6":"product_cat-kotlove-vozy","7":"product_cat-meritko-1120","8":"product_cat-zeleznicni-vozy-meritko-1120","9":"product_tag-csd","11":"first","12":"instock","13":"purchasable","14":"product-type-simple"},"_links":{"self":[{"href":"https:\/\/www.sdvmodel.cz\/de\/wp-json\/wp\/v2\/product\/13146","targetHints":{"allow":["GET"]}}],"collection":[{"href":"https:\/\/www.sdvmodel.cz\/de\/wp-json\/wp\/v2\/product"}],"about":[{"href":"https:\/\/www.sdvmodel.cz\/de\/wp-json\/wp\/v2\/types\/product"}],"wp:featuredmedia":[{"embeddable":true,"href":"https:\/\/www.sdvmodel.cz\/de\/wp-json\/wp\/v2\/media\/13147"}],"wp:attachment":[{"href":"https:\/\/www.sdvmodel.cz\/de\/wp-json\/wp\/v2\/media?parent=13146"}],"wp:term":[{"taxonomy":"product_brand","embeddable":true,"href":"https:\/\/www.sdvmodel.cz\/de\/wp-json\/wp\/v2\/product_brand?post=13146"},{"taxonomy":"product_cat","embeddable":true,"href":"https:\/\/www.sdvmodel.cz\/de\/wp-json\/wp\/v2\/product_cat?post=13146"},{"taxonomy":"product_tag","embeddable":true,"href":"https:\/\/www.sdvmodel.cz\/de\/wp-json\/wp\/v2\/product_tag?post=13146"}],"curies":[{"name":"wp","href":"https:\/\/api.w.org\/{rel}","templated":true}]}}