{"id":128,"date":"2016-10-16T15:16:25","date_gmt":"2016-10-16T15:16:25","guid":{"rendered":"https:\/\/www.plastikovestavebnice.cz\/produkt\/karosa-b731-3\/"},"modified":"2025-04-10T17:13:57","modified_gmt":"2025-04-10T15:13:57","slug":"karosa-b731-3","status":"publish","type":"product","link":"https:\/\/www.sdvmodel.cz\/de\/produkt\/karosa-b731-3\/","title":{"rendered":"Karosa B731"},"content":{"rendered":"<p>M\u011bstsk\u00fd autobus DP Mari\u00e1nsk\u00e9 L\u00e1zn\u011b. Stavebnice obsahuje probarven\u00e9 v\u00fdlisky na sestaven\u00ed modelu. Od 23.9.2015 je stavebnice dod\u00e1v\u00e1na s nov\u00fdmi koly, nov\u00fdmi disky  a kovov\u00fdmi osi\u010dkami. Fotografie bude dod\u00e1na pozd\u011bji.<\/p>\n","protected":false},"excerpt":{"rendered":"<p>M\u011bstsk\u00fd autobus DP Mari\u00e1nsk\u00e9 L\u00e1zn\u011b. Stavebnice obsahuje probarven\u00e9 v\u00fdlisky na sestaven\u00ed modelu. Od 23.9.2015 je stavebnice dod\u00e1v\u00e1na s nov\u00fdmi koly, nov\u00fdmi disky a kovov\u00fdmi osi\u010dkami. Fotografie bude dod\u00e1na pozd\u011bji.<\/p>\n","protected":false},"featured_media":129,"template":"","meta":[],"product_brand":[],"product_cat":[70],"product_tag":[],"class_list":{"0":"post-128","1":"product","2":"type-product","3":"status-publish","4":"has-post-thumbnail","6":"product_cat-nezarazene","8":"first","9":"outofstock","10":"sold-individually","11":"purchasable","12":"product-type-simple"},"_links":{"self":[{"href":"https:\/\/www.sdvmodel.cz\/de\/wp-json\/wp\/v2\/product\/128","targetHints":{"allow":["GET"]}}],"collection":[{"href":"https:\/\/www.sdvmodel.cz\/de\/wp-json\/wp\/v2\/product"}],"about":[{"href":"https:\/\/www.sdvmodel.cz\/de\/wp-json\/wp\/v2\/types\/product"}],"wp:featuredmedia":[{"embeddable":true,"href":"https:\/\/www.sdvmodel.cz\/de\/wp-json\/wp\/v2\/media\/129"}],"wp:attachment":[{"href":"https:\/\/www.sdvmodel.cz\/de\/wp-json\/wp\/v2\/media?parent=128"}],"wp:term":[{"taxonomy":"product_brand","embeddable":true,"href":"https:\/\/www.sdvmodel.cz\/de\/wp-json\/wp\/v2\/product_brand?post=128"},{"taxonomy":"product_cat","embeddable":true,"href":"https:\/\/www.sdvmodel.cz\/de\/wp-json\/wp\/v2\/product_cat?post=128"},{"taxonomy":"product_tag","embeddable":true,"href":"https:\/\/www.sdvmodel.cz\/de\/wp-json\/wp\/v2\/product_tag?post=128"}],"curies":[{"name":"wp","href":"https:\/\/api.w.org\/{rel}","templated":true}]}}