{"id":1270,"date":"2016-10-16T16:34:15","date_gmt":"2016-10-16T16:34:15","guid":{"rendered":"https:\/\/www.plastikovestavebnice.cz\/produkt\/zeleny-lesik-5ks-cca-10cm\/"},"modified":"2021-11-22T12:03:11","modified_gmt":"2021-11-22T11:03:11","slug":"zeleny-lesik-5ks-cca-10cm","status":"publish","type":"product","link":"https:\/\/www.sdvmodel.cz\/de\/produkt\/zeleny-lesik-5ks-cca-10cm\/","title":{"rendered":"Zelen\u00fd les\u00edk (5ks) cca 10cm"},"content":{"rendered":"","protected":false},"excerpt":{"rendered":"<p>Zelen\u00fd les\u00edk (5ks) cca 10cm<\/p>\n","protected":false},"featured_media":1271,"template":"","meta":[],"product_brand":[],"product_cat":[9],"product_tag":[],"class_list":{"0":"post-1270","1":"product","2":"type-product","3":"status-publish","4":"has-post-thumbnail","6":"product_cat-doplnky-187","8":"first","9":"outofstock","10":"sold-individually","11":"purchasable","12":"product-type-simple"},"_links":{"self":[{"href":"https:\/\/www.sdvmodel.cz\/de\/wp-json\/wp\/v2\/product\/1270","targetHints":{"allow":["GET"]}}],"collection":[{"href":"https:\/\/www.sdvmodel.cz\/de\/wp-json\/wp\/v2\/product"}],"about":[{"href":"https:\/\/www.sdvmodel.cz\/de\/wp-json\/wp\/v2\/types\/product"}],"wp:featuredmedia":[{"embeddable":true,"href":"https:\/\/www.sdvmodel.cz\/de\/wp-json\/wp\/v2\/media\/1271"}],"wp:attachment":[{"href":"https:\/\/www.sdvmodel.cz\/de\/wp-json\/wp\/v2\/media?parent=1270"}],"wp:term":[{"taxonomy":"product_brand","embeddable":true,"href":"https:\/\/www.sdvmodel.cz\/de\/wp-json\/wp\/v2\/product_brand?post=1270"},{"taxonomy":"product_cat","embeddable":true,"href":"https:\/\/www.sdvmodel.cz\/de\/wp-json\/wp\/v2\/product_cat?post=1270"},{"taxonomy":"product_tag","embeddable":true,"href":"https:\/\/www.sdvmodel.cz\/de\/wp-json\/wp\/v2\/product_tag?post=1270"}],"curies":[{"name":"wp","href":"https:\/\/api.w.org\/{rel}","templated":true}]}}