{"id":12320,"date":"2025-04-12T11:09:57","date_gmt":"2025-04-12T09:09:57","guid":{"rendered":"https:\/\/www.sdvmodel.cz\/?post_type=product&#038;p=12320"},"modified":"2026-03-24T21:46:58","modified_gmt":"2026-03-24T20:46:58","slug":"praga-v3s-ad-080-187-4","status":"publish","type":"product","link":"https:\/\/www.sdvmodel.cz\/de\/produkt\/praga-v3s-ad-080-sdh\/","title":{"rendered":"Praga V3S AD 080 SDH V\u00e1penn\u00e1 1:87"},"content":{"rendered":"<p>Kompletter Plastikbausatz. Dieser Bausatz enthaltet Plastikteile f\u00fcr Zusammnebau des Models inkl. Metallachsen und Abziehbilder.<\/p>","protected":false},"excerpt":{"rendered":"<p>Kompletter Plastikbausatz. Dieser Bausatz enthaltet Plastikteile f\u00fcr Zusammnebau des Models inkl. Metallachsen und Abziehbilder.<\/p>\n","protected":false},"featured_media":12321,"template":"","meta":[],"product_brand":[],"product_cat":[20,22],"product_tag":[94,76],"class_list":{"0":"post-12320","1":"product","2":"type-product","3":"status-publish","4":"has-post-thumbnail","6":"product_cat-meritko-187","7":"product_cat-nakladni-vozidla","8":"product_tag-bez-nutnosti-barvit","9":"product_tag-v3s","11":"first","12":"instock","13":"purchasable","14":"product-type-simple"},"_links":{"self":[{"href":"https:\/\/www.sdvmodel.cz\/de\/wp-json\/wp\/v2\/product\/12320","targetHints":{"allow":["GET"]}}],"collection":[{"href":"https:\/\/www.sdvmodel.cz\/de\/wp-json\/wp\/v2\/product"}],"about":[{"href":"https:\/\/www.sdvmodel.cz\/de\/wp-json\/wp\/v2\/types\/product"}],"wp:featuredmedia":[{"embeddable":true,"href":"https:\/\/www.sdvmodel.cz\/de\/wp-json\/wp\/v2\/media\/12321"}],"wp:attachment":[{"href":"https:\/\/www.sdvmodel.cz\/de\/wp-json\/wp\/v2\/media?parent=12320"}],"wp:term":[{"taxonomy":"product_brand","embeddable":true,"href":"https:\/\/www.sdvmodel.cz\/de\/wp-json\/wp\/v2\/product_brand?post=12320"},{"taxonomy":"product_cat","embeddable":true,"href":"https:\/\/www.sdvmodel.cz\/de\/wp-json\/wp\/v2\/product_cat?post=12320"},{"taxonomy":"product_tag","embeddable":true,"href":"https:\/\/www.sdvmodel.cz\/de\/wp-json\/wp\/v2\/product_tag?post=12320"}],"curies":[{"name":"wp","href":"https:\/\/api.w.org\/{rel}","templated":true}]}}