{"id":1132,"date":"2016-10-16T16:26:06","date_gmt":"2016-10-16T16:26:06","guid":{"rendered":"https:\/\/www.plastikovestavebnice.cz\/produkt\/barvy-csla-4x3ml\/"},"modified":"2020-11-13T22:12:42","modified_gmt":"2020-11-13T21:12:42","slug":"barvy-csla-4x3ml","status":"publish","type":"product","link":"https:\/\/www.sdvmodel.cz\/de\/produkt\/barvy-csla-4x3ml\/","title":{"rendered":"Barvy \u010cSLA 4x3ml"},"content":{"rendered":"<p>Vodou \u0159editeln\u00e9 barvy. Sada obsahuje: C20P khaki 5450, 39M slonovina, 36M barva pneumatik, 47Me barva p\u00e1s\u016f.<\/p>\n","protected":false},"excerpt":{"rendered":"<p>Barvy \u010cSLA 4x3ml<\/p>\n","protected":false},"featured_media":1133,"template":"","meta":[],"product_brand":[],"product_cat":[9,10],"product_tag":[],"class_list":{"0":"post-1132","1":"product","2":"type-product","3":"status-publish","4":"has-post-thumbnail","6":"product_cat-doplnky-187","7":"product_cat-lepidla","9":"first","10":"outofstock","11":"sold-individually","12":"purchasable","13":"product-type-simple"},"_links":{"self":[{"href":"https:\/\/www.sdvmodel.cz\/de\/wp-json\/wp\/v2\/product\/1132","targetHints":{"allow":["GET"]}}],"collection":[{"href":"https:\/\/www.sdvmodel.cz\/de\/wp-json\/wp\/v2\/product"}],"about":[{"href":"https:\/\/www.sdvmodel.cz\/de\/wp-json\/wp\/v2\/types\/product"}],"wp:featuredmedia":[{"embeddable":true,"href":"https:\/\/www.sdvmodel.cz\/de\/wp-json\/wp\/v2\/media\/1133"}],"wp:attachment":[{"href":"https:\/\/www.sdvmodel.cz\/de\/wp-json\/wp\/v2\/media?parent=1132"}],"wp:term":[{"taxonomy":"product_brand","embeddable":true,"href":"https:\/\/www.sdvmodel.cz\/de\/wp-json\/wp\/v2\/product_brand?post=1132"},{"taxonomy":"product_cat","embeddable":true,"href":"https:\/\/www.sdvmodel.cz\/de\/wp-json\/wp\/v2\/product_cat?post=1132"},{"taxonomy":"product_tag","embeddable":true,"href":"https:\/\/www.sdvmodel.cz\/de\/wp-json\/wp\/v2\/product_tag?post=1132"}],"curies":[{"name":"wp","href":"https:\/\/api.w.org\/{rel}","templated":true}]}}