{"id":1110,"date":"2016-10-16T16:24:26","date_gmt":"2016-10-16T16:24:26","guid":{"rendered":"https:\/\/www.plastikovestavebnice.cz\/produkt\/obtisky-preprava-nebezpecnych-latek\/"},"modified":"2025-01-13T12:09:36","modified_gmt":"2025-01-13T11:09:36","slug":"obtisky-preprava-nebezpecnych-latek","status":"publish","type":"product","link":"https:\/\/www.sdvmodel.cz\/de\/produkt\/obtisky-preprava-nebezpecnych-latek\/","title":{"rendered":"Obtisky &#8222;P\u0159eprava nebezpe\u010dn\u00fdch l\u00e1tek&#8220;"},"content":{"rendered":"","protected":false},"excerpt":{"rendered":"<p>Obtisky &#8222;P\u0159eprava nebezpe\u010dn\u00fdch l\u00e1tek&#8220;<\/p>\n","protected":false},"featured_media":1111,"template":"","meta":[],"product_brand":[],"product_cat":[9],"product_tag":[],"class_list":{"0":"post-1110","1":"product","2":"type-product","3":"status-publish","4":"has-post-thumbnail","6":"product_cat-doplnky-187","8":"first","9":"outofstock","10":"sold-individually","11":"purchasable","12":"product-type-simple"},"_links":{"self":[{"href":"https:\/\/www.sdvmodel.cz\/de\/wp-json\/wp\/v2\/product\/1110","targetHints":{"allow":["GET"]}}],"collection":[{"href":"https:\/\/www.sdvmodel.cz\/de\/wp-json\/wp\/v2\/product"}],"about":[{"href":"https:\/\/www.sdvmodel.cz\/de\/wp-json\/wp\/v2\/types\/product"}],"wp:featuredmedia":[{"embeddable":true,"href":"https:\/\/www.sdvmodel.cz\/de\/wp-json\/wp\/v2\/media\/1111"}],"wp:attachment":[{"href":"https:\/\/www.sdvmodel.cz\/de\/wp-json\/wp\/v2\/media?parent=1110"}],"wp:term":[{"taxonomy":"product_brand","embeddable":true,"href":"https:\/\/www.sdvmodel.cz\/de\/wp-json\/wp\/v2\/product_brand?post=1110"},{"taxonomy":"product_cat","embeddable":true,"href":"https:\/\/www.sdvmodel.cz\/de\/wp-json\/wp\/v2\/product_cat?post=1110"},{"taxonomy":"product_tag","embeddable":true,"href":"https:\/\/www.sdvmodel.cz\/de\/wp-json\/wp\/v2\/product_tag?post=1110"}],"curies":[{"name":"wp","href":"https:\/\/api.w.org\/{rel}","templated":true}]}}