{"id":11098,"date":"2024-09-16T15:02:32","date_gmt":"2024-09-16T13:02:32","guid":{"rendered":"https:\/\/www.sdvmodel.cz\/?post_type=product&#038;p=11098"},"modified":"2026-01-28T18:41:11","modified_gmt":"2026-01-28T17:41:11","slug":"otevreny-vuz-eacs-vase-10-csd-1120","status":"publish","type":"product","link":"https:\/\/www.sdvmodel.cz\/de\/produkt\/otevreny-vuz-eacs-vase-10-csd-1120\/","title":{"rendered":"Otev\u0159en\u00fd v\u016fz Eacs\/Vase 10 \u010cSD 1:120"},"content":{"rendered":"<p>Kompletter Bausatz des offenen G\u00fcterwagens. Er enth\u00e4t Kunststoffteile f\u00fcr Bau des Modells einschlie\u00dflich Kurzkupplungskinematik, Kupplungen, <b>Metallrads\u00e4tze in h\u00f6chster Qualit\u00e4t <\/b>und Ladungsimitation, \u00c4tzteile, Gewicht und Abziehbilder. Betreiber: \u010cD, Epoche: III.-IV.<\/p>\n<p><strong><span class=\"HwtZe\" lang=\"de\"><span class=\"jCAhz JxVs2d ChMk0b\"><span class=\"ryNqvb\">\u00a0<\/span><\/span><\/span><\/strong><\/p>","protected":false},"excerpt":{"rendered":"<p>Kompletter Bausatz des offenen G\u00fcterwagens. Er enth\u00e4t Kunststoffteile f\u00fcr Bau des Modells einschlie\u00dflich Kurzkupplungskinematik, Kupplungen, Metallrads\u00e4tze in h\u00f6chster Qualit\u00e4t und Ladungsimitation, \u00c4tzteile, Gewicht und Abziehbilder. Betreiber: \u010cD, Epoche: III.-IV. \u00a0<\/p>\n","protected":false},"featured_media":11150,"template":"","meta":[],"product_brand":[],"product_cat":[42,46,43],"product_tag":[71],"class_list":{"0":"post-11098","1":"product","2":"type-product","3":"status-publish","4":"has-post-thumbnail","6":"product_cat-meritko-1120","7":"product_cat-otevrene-vozy","8":"product_cat-zeleznicni-vozy-meritko-1120","9":"product_tag-csd","11":"first","12":"instock","13":"purchasable","14":"product-type-simple"},"_links":{"self":[{"href":"https:\/\/www.sdvmodel.cz\/de\/wp-json\/wp\/v2\/product\/11098","targetHints":{"allow":["GET"]}}],"collection":[{"href":"https:\/\/www.sdvmodel.cz\/de\/wp-json\/wp\/v2\/product"}],"about":[{"href":"https:\/\/www.sdvmodel.cz\/de\/wp-json\/wp\/v2\/types\/product"}],"wp:featuredmedia":[{"embeddable":true,"href":"https:\/\/www.sdvmodel.cz\/de\/wp-json\/wp\/v2\/media\/11150"}],"wp:attachment":[{"href":"https:\/\/www.sdvmodel.cz\/de\/wp-json\/wp\/v2\/media?parent=11098"}],"wp:term":[{"taxonomy":"product_brand","embeddable":true,"href":"https:\/\/www.sdvmodel.cz\/de\/wp-json\/wp\/v2\/product_brand?post=11098"},{"taxonomy":"product_cat","embeddable":true,"href":"https:\/\/www.sdvmodel.cz\/de\/wp-json\/wp\/v2\/product_cat?post=11098"},{"taxonomy":"product_tag","embeddable":true,"href":"https:\/\/www.sdvmodel.cz\/de\/wp-json\/wp\/v2\/product_tag?post=11098"}],"curies":[{"name":"wp","href":"https:\/\/api.w.org\/{rel}","templated":true}]}}