{"id":10743,"date":"2024-05-17T19:36:29","date_gmt":"2024-05-17T17:36:29","guid":{"rendered":"https:\/\/www.sdvmodel.cz\/?post_type=product&#038;p=10743"},"modified":"2026-02-12T17:28:22","modified_gmt":"2026-02-12T16:28:22","slug":"otevreny-vuz-eal-vsa-10-csd-1120","status":"publish","type":"product","link":"https:\/\/www.sdvmodel.cz\/de\/produkt\/offener-guterwagen-eal-vsa-10-csd-1120\/","title":{"rendered":"Offener G\u00fcterwagen Eal\/Vsa 10 \u010cSD 1:120"},"content":{"rendered":"<p>Kompletter Bausatz des offenen G\u00fcterwagens. Er enth\u00e4t Kunststoffteile f\u00fcr Bau des Modells einschlie\u00dflich Kurzkupplungskinematik, Kupplungen, <b>Metallrads\u00e4tze in h\u00f6chster Qualit\u00e4t <\/b>und Ladungsimitation, \u00c4tzteile, Gewicht und Abziehbilder. Betreiber: \u010cSD, Epoche: III. und IV.<\/p>\n<p><strong><span class=\"HwtZe\" lang=\"de\"><span class=\"jCAhz JxVs2d ChMk0b\"><span class=\"ryNqvb\">\u00a0<\/span><\/span><\/span><\/strong><\/p>","protected":false},"excerpt":{"rendered":"<p>Kompletter Bausatz des offenen G\u00fcterwagens. Er enth\u00e4t Kunststoffteile f\u00fcr Bau des Modells einschlie\u00dflich Kurzkupplungskinematik, Kupplungen, Metallrads\u00e4tze in h\u00f6chster Qualit\u00e4t und Ladungsimitation, \u00c4tzteile, Gewicht und Abziehbilder. Betreiber: \u010cSD, Epoche: III. und IV. \u00a0<\/p>\n","protected":false},"featured_media":10769,"template":"","meta":[],"product_brand":[],"product_cat":[42,43,46],"product_tag":[71],"class_list":{"0":"post-10743","1":"product","2":"type-product","3":"status-publish","4":"has-post-thumbnail","6":"product_cat-meritko-1120","7":"product_cat-zeleznicni-vozy-meritko-1120","8":"product_cat-otevrene-vozy","9":"product_tag-csd","11":"first","12":"instock","13":"purchasable","14":"product-type-simple"},"_links":{"self":[{"href":"https:\/\/www.sdvmodel.cz\/de\/wp-json\/wp\/v2\/product\/10743","targetHints":{"allow":["GET"]}}],"collection":[{"href":"https:\/\/www.sdvmodel.cz\/de\/wp-json\/wp\/v2\/product"}],"about":[{"href":"https:\/\/www.sdvmodel.cz\/de\/wp-json\/wp\/v2\/types\/product"}],"wp:featuredmedia":[{"embeddable":true,"href":"https:\/\/www.sdvmodel.cz\/de\/wp-json\/wp\/v2\/media\/10769"}],"wp:attachment":[{"href":"https:\/\/www.sdvmodel.cz\/de\/wp-json\/wp\/v2\/media?parent=10743"}],"wp:term":[{"taxonomy":"product_brand","embeddable":true,"href":"https:\/\/www.sdvmodel.cz\/de\/wp-json\/wp\/v2\/product_brand?post=10743"},{"taxonomy":"product_cat","embeddable":true,"href":"https:\/\/www.sdvmodel.cz\/de\/wp-json\/wp\/v2\/product_cat?post=10743"},{"taxonomy":"product_tag","embeddable":true,"href":"https:\/\/www.sdvmodel.cz\/de\/wp-json\/wp\/v2\/product_tag?post=10743"}],"curies":[{"name":"wp","href":"https:\/\/api.w.org\/{rel}","templated":true}]}}