{"id":1068,"date":"2016-10-16T16:23:59","date_gmt":"2016-10-16T16:23:59","guid":{"rendered":"https:\/\/www.plastikovestavebnice.cz\/produkt\/telegrafni-sloup-s-podperou-12ks\/"},"modified":"2024-02-18T16:53:24","modified_gmt":"2024-02-18T15:53:24","slug":"telegrafni-sloup-s-podperou-12ks","status":"publish","type":"product","link":"https:\/\/www.sdvmodel.cz\/de\/produkt\/telegrafni-sloup-s-podperou-12ks\/","title":{"rendered":"Telegrafn\u00ed sloup s podp\u011brou 12ks"},"content":{"rendered":"","protected":false},"excerpt":{"rendered":"<p>Telegrafn\u00ed sloup s podp\u011brou 12ks<\/p>\n","protected":false},"featured_media":1069,"template":"","meta":[],"product_brand":[],"product_cat":[9],"product_tag":[],"class_list":{"0":"post-1068","1":"product","2":"type-product","3":"status-publish","4":"has-post-thumbnail","6":"product_cat-doplnky-187","8":"first","9":"outofstock","10":"sold-individually","11":"purchasable","12":"product-type-simple"},"_links":{"self":[{"href":"https:\/\/www.sdvmodel.cz\/de\/wp-json\/wp\/v2\/product\/1068","targetHints":{"allow":["GET"]}}],"collection":[{"href":"https:\/\/www.sdvmodel.cz\/de\/wp-json\/wp\/v2\/product"}],"about":[{"href":"https:\/\/www.sdvmodel.cz\/de\/wp-json\/wp\/v2\/types\/product"}],"wp:featuredmedia":[{"embeddable":true,"href":"https:\/\/www.sdvmodel.cz\/de\/wp-json\/wp\/v2\/media\/1069"}],"wp:attachment":[{"href":"https:\/\/www.sdvmodel.cz\/de\/wp-json\/wp\/v2\/media?parent=1068"}],"wp:term":[{"taxonomy":"product_brand","embeddable":true,"href":"https:\/\/www.sdvmodel.cz\/de\/wp-json\/wp\/v2\/product_brand?post=1068"},{"taxonomy":"product_cat","embeddable":true,"href":"https:\/\/www.sdvmodel.cz\/de\/wp-json\/wp\/v2\/product_cat?post=1068"},{"taxonomy":"product_tag","embeddable":true,"href":"https:\/\/www.sdvmodel.cz\/de\/wp-json\/wp\/v2\/product_tag?post=1068"}],"curies":[{"name":"wp","href":"https:\/\/api.w.org\/{rel}","templated":true}]}}