{"id":10670,"date":"2024-05-15T14:43:48","date_gmt":"2024-05-15T12:43:48","guid":{"rendered":"https:\/\/www.sdvmodel.cz\/?post_type=product&#038;p=10670"},"modified":"2026-04-03T16:37:56","modified_gmt":"2026-04-03T14:37:56","slug":"obtisky-pro-otevrene-vozy-1120","status":"publish","type":"product","link":"https:\/\/www.sdvmodel.cz\/de\/produkt\/abziehbilder-fur-offener-guterwagen-1120\/","title":{"rendered":"Abziehbilder f\u00fcr Offener G\u00fcterwagen 1:120"},"content":{"rendered":"<p>Abziehbilder f\u00fcr Offener G\u00fcterwagen 1:120.<\/p>","protected":false},"excerpt":{"rendered":"<p>Abziehbilder f\u00fcr Offener G\u00fcterwagen 1:120.<\/p>\n","protected":false},"featured_media":10722,"template":"","meta":[],"product_brand":[],"product_cat":[45,42],"product_tag":[95],"class_list":{"0":"post-10670","1":"product","2":"type-product","3":"status-publish","4":"has-post-thumbnail","6":"product_cat-doplnky-meritko-1120","7":"product_cat-meritko-1120","8":"product_tag-exkluzivne-pouze-u-nas","10":"first","11":"instock","12":"featured","13":"purchasable","14":"product-type-variable"},"_links":{"self":[{"href":"https:\/\/www.sdvmodel.cz\/de\/wp-json\/wp\/v2\/product\/10670","targetHints":{"allow":["GET"]}}],"collection":[{"href":"https:\/\/www.sdvmodel.cz\/de\/wp-json\/wp\/v2\/product"}],"about":[{"href":"https:\/\/www.sdvmodel.cz\/de\/wp-json\/wp\/v2\/types\/product"}],"wp:featuredmedia":[{"embeddable":true,"href":"https:\/\/www.sdvmodel.cz\/de\/wp-json\/wp\/v2\/media\/10722"}],"wp:attachment":[{"href":"https:\/\/www.sdvmodel.cz\/de\/wp-json\/wp\/v2\/media?parent=10670"}],"wp:term":[{"taxonomy":"product_brand","embeddable":true,"href":"https:\/\/www.sdvmodel.cz\/de\/wp-json\/wp\/v2\/product_brand?post=10670"},{"taxonomy":"product_cat","embeddable":true,"href":"https:\/\/www.sdvmodel.cz\/de\/wp-json\/wp\/v2\/product_cat?post=10670"},{"taxonomy":"product_tag","embeddable":true,"href":"https:\/\/www.sdvmodel.cz\/de\/wp-json\/wp\/v2\/product_tag?post=10670"}],"curies":[{"name":"wp","href":"https:\/\/api.w.org\/{rel}","templated":true}]}}