{"id":69,"date":"2016-08-14T18:47:14","date_gmt":"2016-08-14T18:47:14","guid":{"rendered":"https:\/\/www.plastikovestavebnice.cz\/?page_id=69"},"modified":"2026-04-25T10:07:56","modified_gmt":"2026-04-25T08:07:56","slug":"obchodni-podminky","status":"publish","type":"page","link":"https:\/\/www.sdvmodel.cz\/de\/allgemeine-geschaftsbedingungen\/","title":{"rendered":"Allgemeine Gesch\u00e4ftsbedingungen"},"content":{"rendered":"<p><\/p>\n<h3 class=\"contentheading\">Lieferfristen<\/h3>\n<div class=\"article-content\">\n<p>Sofern das gew\u00fcnschte Produkt am Lager ist, liefern wir es innerhalb von 48 Stunden nach Erhalt der Zahlung aus. Den Lagerbestand ermitteln Sie nach dem Anklicken der Warendetails des jeweiligen Produkts. Wenn das Produkt nicht am Lager ist, dann dann erm\u00f6glicht es der E-shop nicht da Produkt zu kaufen.<\/p>\n<h3>Bestellstornierungen<\/h3>\n<p>Alle abgeschickten Bestellungen sind verbindlich, Stornierungen kann man innerhalb von 2 Stunden nach Bestelleingang ausf\u00fchren. Im Fall einer Bestellstornierung benachrichtigen Sie uns bitte unverz\u00fcglich.<\/p>\n<h3>Auslieferung und Porto<\/h3>\n<p>Die Ware verschicken wir <span id=\"result_box\" class=\"short_text\" lang=\"de\"><span class=\"hps\">weltweit.<\/span><\/span><\/p>\n<p>Deutschland, DHL: 12,54 \u20ac, Versandkostenfrei ab 100 \u20ac<\/p>\n<p>Polen, Ungarn, Rum\u00e4nien: 8,18 \u20ac, Versandkostenfrei ab 100 \u20ac<\/p>\n<p>\u00d6sterreich, Frankreich, Bulgarien: 12,54 \u20ac, Versandkostenfrei ab 100 \u20ac<\/p>\n<p><span class=\"VIiyi\" lang=\"de\"><span class=\"JLqJ4b ChMk0b\" data-language-for-alternatives=\"de\" data-language-to-translate-into=\"en\" data-phrase-index=\"0\">USA, Russische F\u00f6deration, Asien, Afrika, Australien, <span class=\"HwtZe\" lang=\"de\"><span class=\"jCAhz ChMk0b\"><span class=\"ryNqvb\">Grossbritannien<\/span><\/span><\/span>: 34,09 \u20ac, Versandkostenfrei ab 225 \u20ac<\/span><\/span><\/p>\n<p>A<span id=\"result_box\" class=\"short_text\" lang=\"de\"><span class=\"\">ndere L\u00e4nder<\/span><\/span>: 13,64 \u20ac, <span class=\"VIiyi\" lang=\"de\"><span class=\"JLqJ4b ChMk0b\" data-language-for-alternatives=\"de\" data-language-to-translate-into=\"en\" data-phrase-index=\"0\">Versandkostenfrei ab 150 \u20ac<\/span><\/span><\/p>\n<h3>Zahlungsmethoden<\/h3>\n<p>PayPal<\/p>\n<p>Die Zahlung f\u00fcr die Ware kann auf unser paypal-Konto <a href=\"mailto:podubecky@volny.cz\">podubecky@volny.cz<\/a> \u00fcberwiesen werden, nach dem Warenversand werden Sie direkt zu den paypal-Seiten weiter geleitet wo Sie die Bezahlung ausf\u00fchren k\u00f6nnen.<\/p>\n<p>Bankkonto<\/p>\n<p>Die Zahlung f\u00fcr die Ware k\u00f6nnen Sie auch auf das Konto, das bei der Fio bank gef\u00fchrt wird. Als Verwendungszweck f\u00fchren Sie die Nummer der Bestellung auf. Diese Information erscheint direkt nach der Absendung der Bestellung. <span id=\"result_box\" class=\"short_text\" lang=\"de\"><span class=\"hps\">Kontoinhaber: Jan Podubeck\u00fd, IBAN: CZ04 2010 0000 0020 0263 1171, SWIFT (BIC): FIOBCZPPXXX.<br \/>\n<\/span><\/span><\/p>\n<p>GoPay &#8211; <span id=\"result_box\" class=\"short_text\" lang=\"de\"><span class=\"\">Zahlungskarten<\/span><\/span><\/p>\n<p>Die Zahlung f\u00fcr die Ware kann <span id=\"result_box\" class=\"short_text\" lang=\"de\"><span class=\"\">\u00fcber das Zahlungsgateway<\/span><\/span> ausf\u00fchren, nach dem Warenversand werden Sie direkt zu den GoPay-Seiten weiter geleitet wo Sie die Bezahlung ausf\u00fchren k\u00f6nnen.<\/p>\n<h3>R\u00fcckgabe der Ware<\/h3>\n<p>Der Kunde hat das Recht auf Warenr\u00fcckgabe innerhalb von 14 Tagen nach Erhalt der Sendung ohne Angabe von Gr\u00fcnden. Die darf nicht gebraucht oder schadhaft sein. Sie muss an unsere Adresse mit einem Begleitbrief geschickt werden, welcher den Betrag des zu erstattenden Geldes angibt. Das Geld wird je nach Vereinbarung \u00fcber Paypal oder die Bankverbindung erstattet. Die Erstattung erfolgt nicht auf dem Postweg.<\/p>\n<h3>Reklamationen<\/h3>\n<p>Im Falle einer Reklamation benachrichtigen Sie uns. Nach Absprache schicken Sie uns die zu reklamierende Ware an unsere Adresse auf dem Postweg. Reklamationen, sofern m\u00f6glich, erledigen wir sofort, sp\u00e4testens jedoch gem\u00e4\u00df Gesetz innerhalb von 30 Tagen nach deren Erhalt. Wenn es sich um ein defektes Teil oder einen fehlenden Spritzling handelt, reicht es uns zu informieren und wir schicken es ihnen auf dem Postweg.<\/p>\n<h3>Datenschutz<\/h3>\n<p>Wir erkl\u00e4ren, dass ihre pers\u00f6nlichen Daten nicht ohne ihr Einverst\u00e4ndnis an dritte Personen weiter gegeben werden \u2013 die Daten sind vertraulich und nur zur Versendung von Ware bestimmt.<\/p>\n<h3>Betreiber<\/h3>\n<p>Jan Podubeck\u00fd<br \/>\nHostivick\u00e1 2\/21, 155 21 Praha 517<br \/>\nI\u010cO <span class=\"nowrap\">69822026<\/span> \u2013 nicht Mehrwertsteuer-Zahler<br \/>\nTel\/fax: +420 735 172 122<br \/>\n<a href=\"mailto:info@sdvmodel.cz\">info@sdvmodel.cz<\/a><\/p>\n<\/div>\n<p><\/p>","protected":false},"excerpt":{"rendered":"<p>Lieferfristen Sofern das gew\u00fcnschte Produkt am Lager ist, liefern wir es innerhalb von 48 Stunden nach Erhalt der Zahlung aus. Den Lagerbestand ermitteln Sie nach dem Anklicken der Warendetails des jeweiligen Produkts. Wenn das Produkt nicht am Lager ist, dann&#8230;<br \/><a class=\"read-more-button\" href=\"https:\/\/www.sdvmodel.cz\/de\/allgemeine-geschaftsbedingungen\/\">Weiterlesen<\/a><\/p>\n","protected":false},"author":1,"featured_media":0,"parent":0,"menu_order":0,"comment_status":"closed","ping_status":"closed","template":"","meta":{"footnotes":""},"class_list":["post-69","page","type-page","status-publish","hentry"],"_links":{"self":[{"href":"https:\/\/www.sdvmodel.cz\/de\/wp-json\/wp\/v2\/pages\/69","targetHints":{"allow":["GET"]}}],"collection":[{"href":"https:\/\/www.sdvmodel.cz\/de\/wp-json\/wp\/v2\/pages"}],"about":[{"href":"https:\/\/www.sdvmodel.cz\/de\/wp-json\/wp\/v2\/types\/page"}],"author":[{"embeddable":true,"href":"https:\/\/www.sdvmodel.cz\/de\/wp-json\/wp\/v2\/users\/1"}],"replies":[{"embeddable":true,"href":"https:\/\/www.sdvmodel.cz\/de\/wp-json\/wp\/v2\/comments?post=69"}],"version-history":[{"count":109,"href":"https:\/\/www.sdvmodel.cz\/de\/wp-json\/wp\/v2\/pages\/69\/revisions"}],"predecessor-version":[{"id":14751,"href":"https:\/\/www.sdvmodel.cz\/de\/wp-json\/wp\/v2\/pages\/69\/revisions\/14751"}],"wp:attachment":[{"href":"https:\/\/www.sdvmodel.cz\/de\/wp-json\/wp\/v2\/media?parent=69"}],"curies":[{"name":"wp","href":"https:\/\/api.w.org\/{rel}","templated":true}]}}