{"id":66,"date":"2016-08-14T18:44:41","date_gmt":"2016-08-14T18:44:41","guid":{"rendered":"https:\/\/www.plastikovestavebnice.cz\/?page_id=66"},"modified":"2018-03-12T19:01:09","modified_gmt":"2018-03-12T18:01:09","slug":"o-nas","status":"publish","type":"page","link":"https:\/\/www.sdvmodel.cz\/de\/uber-uns\/","title":{"rendered":"\u00dcber uns"},"content":{"rendered":"<p><\/p>\n<h1>SDV model\u00ae<\/h1>\n<h2>Wer sind wir und was wir machen<\/h2>\n<p class=\"Normlnweb4\"><strong>Die Firma SDV model\u00ae existiert seit 1989<\/strong> und befasst sich vor allem mit Herstellen der Plastikmodellbaus\u00e4tze der Milit\u00e4rtechnik, Lkw und Busse in Ma\u00dfstab <strong>1:87<\/strong> (H0) und Eisenbahnwagen\u00a0in Ma\u00dfstab <strong>1:120<\/strong> (TT). Diese Baus\u00e4tze werden mit sog. \u201eshort-run\u201c hergestellt. Unser Familienhaus hat eigene Werkzeugbau und Pressen und viele unter anderer Marken verkaufte Modelle wurden bei uns hergestellt.<\/p>\n<h2>Wie unsere Modelle bauen<\/h2>\n<p class=\"Normlnweb4\"><strong>Unsere Baus\u00e4tze sin vorwiegend in Farbe des Modells gepresst.<\/strong> Baus\u00e4tze der Kettenfahrzeuge sind auch von Anfanger bew\u00e4ltigbar, Radfahrzeuge empfehlen wir f\u00fcr die Fortgeschrittenen (auch wenn diese Technik auch von jungen 10-j\u00e1hrigen Modellbauer gebaut wird). F\u00fcr das Bau ist der Kleber, Modelliermesser und die Farben f\u00fcr Plastikmodelle zu benutzen, die \u00fcblicherweise im Fachhandel oder in unserem E-Shop erh\u00e4ltlich sind.<\/p>\n<h2>Wo die Baus\u00e4tze besorgen<\/h2>\n<p class=\"Normlnweb4\"><strong>Baus\u00e4tze und Modellzubeh\u00f6r sind erh\u00e4ltlich<\/strong> nicht nur in unserem E-shop, sondern auch im spezialisierten Fachandel f\u00fcr Modellbau in Tschechien und im Ausland.. W\u00e4hrend unserer 25-j\u00e4hriger T\u00e4tigkeit haben wir mehr als 300 000 Baus\u00e4tze verkauft.<\/p>\n<p><\/p>","protected":false},"excerpt":{"rendered":"<p>SDV model\u00ae Wer sind wir und was wir machen Die Firma SDV model\u00ae existiert seit 1989 und befasst sich vor allem mit Herstellen der Plastikmodellbaus\u00e4tze der Milit\u00e4rtechnik, Lkw und Busse in Ma\u00dfstab 1:87 (H0) und Eisenbahnwagen\u00a0in Ma\u00dfstab 1:120 (TT). Diese&#8230;<br \/><a class=\"read-more-button\" href=\"https:\/\/www.sdvmodel.cz\/de\/uber-uns\/\">Weiterlesen<\/a><\/p>\n","protected":false},"author":1,"featured_media":0,"parent":0,"menu_order":0,"comment_status":"closed","ping_status":"closed","template":"","meta":{"footnotes":""},"class_list":["post-66","page","type-page","status-publish","hentry"],"_links":{"self":[{"href":"https:\/\/www.sdvmodel.cz\/de\/wp-json\/wp\/v2\/pages\/66","targetHints":{"allow":["GET"]}}],"collection":[{"href":"https:\/\/www.sdvmodel.cz\/de\/wp-json\/wp\/v2\/pages"}],"about":[{"href":"https:\/\/www.sdvmodel.cz\/de\/wp-json\/wp\/v2\/types\/page"}],"author":[{"embeddable":true,"href":"https:\/\/www.sdvmodel.cz\/de\/wp-json\/wp\/v2\/users\/1"}],"replies":[{"embeddable":true,"href":"https:\/\/www.sdvmodel.cz\/de\/wp-json\/wp\/v2\/comments?post=66"}],"version-history":[{"count":8,"href":"https:\/\/www.sdvmodel.cz\/de\/wp-json\/wp\/v2\/pages\/66\/revisions"}],"predecessor-version":[{"id":2385,"href":"https:\/\/www.sdvmodel.cz\/de\/wp-json\/wp\/v2\/pages\/66\/revisions\/2385"}],"wp:attachment":[{"href":"https:\/\/www.sdvmodel.cz\/de\/wp-json\/wp\/v2\/media?parent=66"}],"curies":[{"name":"wp","href":"https:\/\/api.w.org\/{rel}","templated":true}]}}