{"id":2257,"date":"2018-01-21T21:10:11","date_gmt":"2018-01-21T21:10:11","guid":{"rendered":"https:\/\/www.plastikovestavebnice.cz\/?page_id=2257"},"modified":"2026-04-11T14:34:54","modified_gmt":"2026-04-11T12:34:54","slug":"vystavy-a-akce","status":"publish","type":"page","link":"https:\/\/www.sdvmodel.cz\/de\/ausstellungen\/","title":{"rendered":"Ausstellungen"},"content":{"rendered":"<p>30.5.2026 &#8211; Le\u0161any, slavnostn\u00ed zah\u00e1jen\u00ed 31. muzejn\u00ed sezony <a href=\"https:\/\/www.vhu.cz\/prijdte-i-v-roce-2026-na-nase-tradicni-akce-zde-je-jejich-prehled\/\">https:\/\/www.vhu.cz\/prijdte-i-v-roce-2026-na-nase-tradicni-akce-zde-je-jejich-prehled\/<\/a><\/p>\n<p>29. &#8211; 31.5.2026 &#8211; Pe\u010dky, nejv\u011bt\u0161\u00ed v\u00fdstava modelov\u00fdch koleji\u0161\u0165 v \u010cR <a href=\"http:\/\/www.szmp.cz\">www.szmp.cz<\/a><\/p>\n<p>29.8.2026 &#8211; Le\u0161any, Tankov\u00fd den <a href=\"https:\/\/www.vhu.cz\/prijdte-i-v-roce-2026-na-nase-tradicni-akce-zde-je-jejich-prehled\/\">https:\/\/www.vhu.cz\/prijdte-i-v-roce-2026-na-nase-tradicni-akce-zde-je-jejich-prehled\/<\/a><\/p>\n<p>12. &#8211; 13.9.2026 &#8211; Pardubice, kas\u00e1rna H\u016frka &#8211; Retrom\u011bste\u010dko <a href=\"https:\/\/www.retromestecko.cz\/retromestecka2\/\">https:\/\/www.retromestecko.cz\/retromestecka2\/<\/a><\/p>\n<p>2. &#8211; 4.10.2026 &#8211; Lipsko, 30. Hobbymesse <a href=\"https:\/\/www.hobbymesse.de\/en\/\">https:\/\/www.hobbymesse.de\/en\/<\/a><\/p>\n<p>&nbsp;<\/p>\n","protected":false},"excerpt":{"rendered":"<p>30.5.2026 &#8211; Le\u0161any, slavnostn\u00ed zah\u00e1jen\u00ed 31. muzejn\u00ed sezony https:\/\/www.vhu.cz\/prijdte-i-v-roce-2026-na-nase-tradicni-akce-zde-je-jejich-prehled\/ 29. &#8211; 31.5.2026 &#8211; Pe\u010dky, nejv\u011bt\u0161\u00ed v\u00fdstava modelov\u00fdch koleji\u0161\u0165 v \u010cR www.szmp.cz 29.8.2026 &#8211; Le\u0161any, Tankov\u00fd den https:\/\/www.vhu.cz\/prijdte-i-v-roce-2026-na-nase-tradicni-akce-zde-je-jejich-prehled\/ 12. &#8211; 13.9.2026 &#8211; Pardubice, kas\u00e1rna H\u016frka &#8211; Retrom\u011bste\u010dko https:\/\/www.retromestecko.cz\/retromestecka2\/ 2. &#8211; 4.10.2026&#8230;<br \/><a class=\"read-more-button\" href=\"https:\/\/www.sdvmodel.cz\/de\/ausstellungen\/\">Weiterlesen<\/a><\/p>\n","protected":false},"author":3,"featured_media":0,"parent":0,"menu_order":0,"comment_status":"closed","ping_status":"closed","template":"","meta":{"footnotes":""},"class_list":["post-2257","page","type-page","status-publish","hentry"],"_links":{"self":[{"href":"https:\/\/www.sdvmodel.cz\/de\/wp-json\/wp\/v2\/pages\/2257","targetHints":{"allow":["GET"]}}],"collection":[{"href":"https:\/\/www.sdvmodel.cz\/de\/wp-json\/wp\/v2\/pages"}],"about":[{"href":"https:\/\/www.sdvmodel.cz\/de\/wp-json\/wp\/v2\/types\/page"}],"author":[{"embeddable":true,"href":"https:\/\/www.sdvmodel.cz\/de\/wp-json\/wp\/v2\/users\/3"}],"replies":[{"embeddable":true,"href":"https:\/\/www.sdvmodel.cz\/de\/wp-json\/wp\/v2\/comments?post=2257"}],"version-history":[{"count":148,"href":"https:\/\/www.sdvmodel.cz\/de\/wp-json\/wp\/v2\/pages\/2257\/revisions"}],"predecessor-version":[{"id":14670,"href":"https:\/\/www.sdvmodel.cz\/de\/wp-json\/wp\/v2\/pages\/2257\/revisions\/14670"}],"wp:attachment":[{"href":"https:\/\/www.sdvmodel.cz\/de\/wp-json\/wp\/v2\/media?parent=2257"}],"curies":[{"name":"wp","href":"https:\/\/api.w.org\/{rel}","templated":true}]}}