{"id":2239,"date":"2018-01-20T21:52:34","date_gmt":"2018-01-20T21:52:34","guid":{"rendered":"https:\/\/www.plastikovestavebnice.cz\/?page_id=2239"},"modified":"2025-12-04T15:38:34","modified_gmt":"2025-12-04T14:38:34","slug":"prodejny","status":"publish","type":"page","link":"https:\/\/www.sdvmodel.cz\/de\/geschafte\/","title":{"rendered":"Gesch\u00e4fte in Deutschland"},"content":{"rendered":"<p><\/p>\n<h3>DRESDEN<\/h3>\n<p><b>Modellauto-Wendler<\/b><br \/>\nAm Torfmoor 55, 01109 Dresden \u2013\u00a0fax: +49-0351\/8807688<\/p>\n<p><a href=\"mailto:kontakt@modellauto-wendler.de\">kontakt@modellauto-wendler.de<\/a> \u2013\u00a0<a href=\"http:\/\/www.modellauto-wendler.de\">www.modellauto-wendler.de<\/a><\/p>\n<h3>D\u00dcSSELDORF<\/h3>\n<p><strong>Menzels Lokschuppen &amp; T\u00f6ff-T\u00f6ff GmbH<\/strong><\/p>\n<p>Friedrichstra\u00dfe 6, 40217 D\u00fcsseldorf \u2013 Telefon: 0049 &#8211; (0)211 &#8211; 37 33 28, Telefax: 0049 &#8211; (0)211 &#8211; 37 30 90<\/p>\n<p><a href=\"mailto:info@menzels-lokschuppen.de\">info@menzels-lokschuppen.de<\/a> <a href=\"http:\/\/www.menzels-lokschuppen.de\">www.menzels-lokschuppen.de<\/a><\/p>\n<h3>WACHAU OT FELDSCHL\u00d6SSCHEN<\/h3>\n<p><strong>Elektronik Richter<\/strong><br \/>\nRadeberger Str. 32<br \/>\n01454 Wachau OT Feldschl\u00f6\u00dfchen &#8211; <a href=\"http:\/\/www.elriwa.de\">www.elriwa.de<\/a> &#8211; <a href=\"mailto:info@elriwa.de\">info@elriwa.de<\/a><\/p>\n<h3>SEHMATAL-NEUDORF<\/h3>\n<p><b>Frank L\u00f6ser, ostparts<\/b><\/p>\n<p>Karlsbader Str. 91, 09465 Sehmatal-Neudorf \u2013 <a href=\"https:\/\/ostparts.de\/\">https:\/\/ostparts.de\/<\/a><\/p>\n<p>&nbsp;<\/p>","protected":false},"excerpt":{"rendered":"<p>DRESDEN Modellauto-Wendler Am Torfmoor 55, 01109 Dresden \u2013\u00a0fax: +49-0351\/8807688 kontakt@modellauto-wendler.de \u2013\u00a0www.modellauto-wendler.de D\u00dcSSELDORF Menzels Lokschuppen &amp; T\u00f6ff-T\u00f6ff GmbH Friedrichstra\u00dfe 6, 40217 D\u00fcsseldorf \u2013 Telefon: 0049 &#8211; (0)211 &#8211; 37 33 28, Telefax: 0049 &#8211; (0)211 &#8211; 37 30 90 info@menzels-lokschuppen.de www.menzels-lokschuppen.de&#8230;<br \/><a class=\"read-more-button\" href=\"https:\/\/www.sdvmodel.cz\/de\/geschafte\/\">Weiterlesen<\/a><\/p>\n","protected":false},"author":3,"featured_media":0,"parent":0,"menu_order":0,"comment_status":"closed","ping_status":"closed","template":"","meta":{"footnotes":""},"class_list":["post-2239","page","type-page","status-publish","hentry"],"_links":{"self":[{"href":"https:\/\/www.sdvmodel.cz\/de\/wp-json\/wp\/v2\/pages\/2239","targetHints":{"allow":["GET"]}}],"collection":[{"href":"https:\/\/www.sdvmodel.cz\/de\/wp-json\/wp\/v2\/pages"}],"about":[{"href":"https:\/\/www.sdvmodel.cz\/de\/wp-json\/wp\/v2\/types\/page"}],"author":[{"embeddable":true,"href":"https:\/\/www.sdvmodel.cz\/de\/wp-json\/wp\/v2\/users\/3"}],"replies":[{"embeddable":true,"href":"https:\/\/www.sdvmodel.cz\/de\/wp-json\/wp\/v2\/comments?post=2239"}],"version-history":[{"count":47,"href":"https:\/\/www.sdvmodel.cz\/de\/wp-json\/wp\/v2\/pages\/2239\/revisions"}],"predecessor-version":[{"id":14216,"href":"https:\/\/www.sdvmodel.cz\/de\/wp-json\/wp\/v2\/pages\/2239\/revisions\/14216"}],"wp:attachment":[{"href":"https:\/\/www.sdvmodel.cz\/de\/wp-json\/wp\/v2\/media?parent=2239"}],"curies":[{"name":"wp","href":"https:\/\/api.w.org\/{rel}","templated":true}]}}